{"id":907,"date":"2024-04-14T19:43:10","date_gmt":"2024-04-14T19:43:10","guid":{"rendered":"https:\/\/heragestao.com\/pt\/?page_id=907"},"modified":"2025-10-02T02:08:17","modified_gmt":"2025-10-02T02:08:17","slug":"nossa-equipe","status":"publish","type":"page","link":"https:\/\/heragestao.com\/pt\/nossa-equipe\/","title":{"rendered":"Nossa Equipe"},"content":{"rendered":"\t\t<div data-elementor-type=\"wp-page\" data-elementor-id=\"907\" class=\"elementor elementor-907\" data-elementor-post-type=\"page\">\n\t\t\t\t<div class=\"elementor-element elementor-element-5401f913 e-flex e-con-boxed e-con e-parent\" data-id=\"5401f913\" data-element_type=\"container\" data-settings=\"{&quot;background_background&quot;:&quot;classic&quot;}\">\n\t\t\t\t\t<div class=\"e-con-inner\">\n\t\t\t\t<div class=\"elementor-element elementor-element-1d502d53 elementor-widget elementor-widget-heading\" data-id=\"1d502d53\" data-element_type=\"widget\" data-widget_type=\"heading.default\">\n\t\t\t\t<div class=\"elementor-widget-container\">\n\t\t\t\t\t<h2 class=\"elementor-heading-title elementor-size-default\">Nossa Equipe<\/h2>\t\t\t\t<\/div>\n\t\t\t\t<\/div>\n\t\t\t\t\t<\/div>\n\t\t\t\t<\/div>\n\t\t<div class=\"elementor-element elementor-element-2ac411f e-flex e-con-boxed e-con e-parent\" data-id=\"2ac411f\" data-element_type=\"container\">\n\t\t\t\t\t<div class=\"e-con-inner\">\n\t\t<div class=\"elementor-element elementor-element-c2df959 e-flex e-con-boxed e-con e-child\" data-id=\"c2df959\" data-element_type=\"container\">\n\t\t\t\t\t<div class=\"e-con-inner\">\n\t\t\t\t<div class=\"elementor-element elementor-element-d952a26 elementor-widget elementor-widget-premium-addon-person\" data-id=\"d952a26\" data-element_type=\"widget\" data-widget_type=\"premium-addon-person.default\">\n\t\t\t\t<div class=\"elementor-widget-container\">\n\t\t\t\t\t\t\t<div class=\"premium-persons-container premium-person-style2\">\n\t\t\t\t\t\t<div class=\"premium-person-container premium-person-zoomin-effect\">\n\n\t\t\t\t<div class=\"premium-person-image-container\">\n\t\t\t\t\t\n\t\t\t\t\t\t\t\t\t\t\t<div class=\"premium-person-social\">\n\t\t\t\t\t\t\t<ul class=\"premium-person-social-list\">\t\t\t\t<li class=\"elementor-icon premium-person-list-item premium-person-facebook\">\n\t\t\t\t\t<a href=\"#\" target=\"_blank\">\n\t\t\t\t\t\t<i class=\"fab fa-facebook-f\" aria-hidden=\"true\"><\/i>\n\t\t\t\t\t<\/a>\n\t\t\t\t<\/li>\n\t\t\t\t\t\t\t\t<li class=\"elementor-icon premium-person-list-item premium-person-twitter\">\n\t\t\t\t\t<a href=\"#\" target=\"_blank\">\n\t\t\t\t\t\t<i class=\"fab fa-twitter\" aria-hidden=\"true\"><\/i>\n\t\t\t\t\t<\/a>\n\t\t\t\t<\/li>\n\t\t\t\t\t\t\t\t<li class=\"elementor-icon premium-person-list-item premium-person-instagram\">\n\t\t\t\t\t<a href=\"#\" target=\"_blank\">\n\t\t\t\t\t\t<i class=\"fab fa-instagram\" aria-hidden=\"true\"><\/i>\n\t\t\t\t\t<\/a>\n\t\t\t\t<\/li>\n\t\t\t\t\t\t\t\t<li class=\"elementor-icon premium-person-list-item premium-person-dribbble\">\n\t\t\t\t\t<a href=\"#\" target=\"_blank\">\n\t\t\t\t\t\t<i class=\"fab fa-dribbble\" aria-hidden=\"true\"><\/i>\n\t\t\t\t\t<\/a>\n\t\t\t\t<\/li>\n\t\t\t\t<\/ul>\t\t\t\t\t\t<\/div>\n\t\t\t\t\t\t\t\t\t<\/div>\n\t\t\t\t<div class=\"premium-person-info\">\n\t\t\t\t\t\t\t\t<div class=\"premium-person-info-container\">\n\t\t\t\t\t\t\t\t\t<h2 class=\"premium-person-name\">Caroline Vivaldi<\/h2>\t\t\t\t\t\t\t\t\t\t\t<h4 class=\"premium-person-title\">\n\t\t\t\t\t\t\t<span><p> Fundadora e CEO<\/p><\/span>\n\t\t\t\t\t\t<\/h4>\n\t\t\t\t\t\t\t\t\t\t\t<div class=\"premium-person-content\">\n\t\t\t\t\t\t\t<p><strong>Finan\u00e7as Sustent\u00e1veis |\u00a0Mudan\u00e7a Clim\u00e1tica |\u00a0ESG<\/strong><\/p><p>Caroline Vivaldi \u00e9 economista, especialista em sistemas financeiros, agroneg\u00f3cios, desenvolvimento econ\u00f4mico e sustent\u00e1vel, an\u00e1lise de dados e coopera\u00e7\u00e3o internacional. Atuou como especialista em finan\u00e7as sustent\u00e1veis e ESG na Deutsche Gesellschaft f\u00fcr Internationale Zusammenarbeit (GIZ), no Banco Central do Brasil e no Minist\u00e9rio da Economia. Apoiou a\u00e7\u00f5es no Grupo de Trabalho de Finan\u00e7as Sustent\u00e1veis \u200b\u200bdo G20 (SFWG) na Indon\u00e9sia, no Brasil, e na Organiza\u00e7\u00e3o para Coopera\u00e7\u00e3o e Desenvolvimento Econ\u00f4mico (OCDE). Foi economista do Banco Interamericano de Desenvolvimento (BID), pesquisadora do Instituto de Pesquisa Econ\u00f4mica Aplicada (IPEA), assessora t\u00e9cnica do ICLEI, consultora do PNUD\/ONU e coordenadora de projetos internacionais no Bancoob. Membro dos WGs da Federa\u00e7\u00e3o Brasileira dos Bancos (Febraban), Associa\u00e7\u00e3o Brasileira das Entidades dos Mercados Financeiro e de Capitais (Anbima) e do Laborat\u00f3rio de Inova\u00e7\u00e3o Financeira (Lab). Possui participa\u00e7\u00e3o em mais de 100 publica\u00e7\u00f5es t\u00e9cnicas. \u00c9 conselheira de Desenvolvimento Sustent\u00e1vel do Centro de Investimento, Com\u00e9rcio e Ind\u00fastria Brasil- Ar\u00e1bia Saudita (Cicibas).<\/p>\t\t\t\t\t\t<\/div>\n\t\t\t\t\t\t\t\t<\/div>\n\t\t\t\t\t\t\t<\/div>\n\t\t\t<\/div>\n\t\t\t\t\t\t<\/div>\n\t\t\t\t\t\t<\/div>\n\t\t\t\t<\/div>\n\t\t\t\t\t<\/div>\n\t\t\t\t<\/div>\n\t\t<div class=\"elementor-element elementor-element-7975ffa e-flex e-con-boxed e-con e-child\" data-id=\"7975ffa\" data-element_type=\"container\">\n\t\t\t\t\t<div class=\"e-con-inner\">\n\t\t\t\t<div class=\"elementor-element elementor-element-8ad9e40 elementor-widget elementor-widget-premium-addon-person\" data-id=\"8ad9e40\" data-element_type=\"widget\" data-widget_type=\"premium-addon-person.default\">\n\t\t\t\t<div class=\"elementor-widget-container\">\n\t\t\t\t\t\t\t<div class=\"premium-persons-container premium-person-style2\">\n\t\t\t\t\t\t<div class=\"premium-person-container premium-person-zoomin-effect\">\n\n\t\t\t\t<div class=\"premium-person-image-container\">\n\t\t\t\t\t\n\t\t\t\t\t\t\t\t\t\t\t<div class=\"premium-person-social\">\n\t\t\t\t\t\t\t<ul class=\"premium-person-social-list\">\t\t\t\t<li class=\"elementor-icon premium-person-list-item premium-person-facebook\">\n\t\t\t\t\t<a href=\"#\" target=\"_blank\">\n\t\t\t\t\t\t<i class=\"fab fa-facebook-f\" aria-hidden=\"true\"><\/i>\n\t\t\t\t\t<\/a>\n\t\t\t\t<\/li>\n\t\t\t\t\t\t\t\t<li class=\"elementor-icon premium-person-list-item premium-person-twitter\">\n\t\t\t\t\t<a href=\"#\" target=\"_blank\">\n\t\t\t\t\t\t<i class=\"fab fa-twitter\" aria-hidden=\"true\"><\/i>\n\t\t\t\t\t<\/a>\n\t\t\t\t<\/li>\n\t\t\t\t\t\t\t\t<li class=\"elementor-icon premium-person-list-item premium-person-instagram\">\n\t\t\t\t\t<a href=\"#\" target=\"_blank\">\n\t\t\t\t\t\t<i class=\"fab fa-instagram\" aria-hidden=\"true\"><\/i>\n\t\t\t\t\t<\/a>\n\t\t\t\t<\/li>\n\t\t\t\t\t\t\t\t<li class=\"elementor-icon premium-person-list-item premium-person-dribbble\">\n\t\t\t\t\t<a href=\"#\" target=\"_blank\">\n\t\t\t\t\t\t<i class=\"fab fa-dribbble\" aria-hidden=\"true\"><\/i>\n\t\t\t\t\t<\/a>\n\t\t\t\t<\/li>\n\t\t\t\t<\/ul>\t\t\t\t\t\t<\/div>\n\t\t\t\t\t\t\t\t\t<\/div>\n\t\t\t\t<div class=\"premium-person-info\">\n\t\t\t\t\t\t\t\t<div class=\"premium-person-info-container\">\n\t\t\t\t\t\t\t\t\t<h2 class=\"premium-person-name\">Daniela Rocha<\/h2>\t\t\t\t\t\t\t\t\t\t\t<h4 class=\"premium-person-title\">\n\t\t\t\t\t\t\t<span><p>S\u00f3cia<\/p><\/span>\n\t\t\t\t\t\t<\/h4>\n\t\t\t\t\t\t\t\t\t\t\t<div class=\"premium-person-content\">\n\t\t\t\t\t\t\t<p><strong>Gest\u00e3o Financeira |\u00a0Planejamento |\u00a0Monitoramento<\/strong><\/p><p>Daniela Rocha \u00e9 graduada em Ci\u00eancias Cont\u00e1beis com MBA em Gest\u00e3o de Projetos Estrat\u00e9gicos, P\u00f3s-gradua\u00e7\u00e3o em Gest\u00e3o Fiscal\/P\u00fablica, Auditoria P\u00fablica e mestranda em Finan\u00e7as. Apresenta certifica\u00e7\u00f5es PMI, Scrum Master, Aquisi\u00e7\u00f5es, PMCoach 4, Scrum Master, Disbursements in Convergence Intermediary and Master, Salvaguardas Sociais e Ambientais \u2013 Fundamentos e Gerenciamento de Riscos Intermedi\u00e1rios em Projetos. Apresenta trajet\u00f3ria nas \u00e1reas de finan\u00e7as, planejamento, gest\u00e3o e monitoramento de projetos de desenvolvimento. Ampla experi\u00eancia em temas fiscais, habita\u00e7\u00e3o, transporte e desenvolvimento urbano, tendo atuado nos Minist\u00e9rios da Economia e das Rela\u00e7\u00f5es Exteriores no Brasil, no Banco Interamericano de Desenvolvimento, PNUD\/ONU e Fonplata. \u00a0Certificada em Aquisi\u00e7\u00f5es, PMCoach 4, Scrum Master,Disbursements in Convergence Intermediary and Master, Salvaguardas Sociais e Ambientais \u2013 Fundamentos e Gerenciamento de Riscos Intermedi\u00e1rios em Projetos.<\/p>\t\t\t\t\t\t<\/div>\n\t\t\t\t\t\t\t\t<\/div>\n\t\t\t\t\t\t\t<\/div>\n\t\t\t<\/div>\n\t\t\t\t\t\t<\/div>\n\t\t\t\t\t\t<\/div>\n\t\t\t\t<\/div>\n\t\t\t\t\t<\/div>\n\t\t\t\t<\/div>\n\t\t<div class=\"elementor-element elementor-element-466f2ae e-con-full e-flex e-con e-child\" data-id=\"466f2ae\" data-element_type=\"container\">\n\t\t\t\t<div class=\"elementor-element elementor-element-3810415 elementor-widget elementor-widget-premium-addon-person\" data-id=\"3810415\" data-element_type=\"widget\" data-widget_type=\"premium-addon-person.default\">\n\t\t\t\t<div class=\"elementor-widget-container\">\n\t\t\t\t\t\t\t<div class=\"premium-persons-container premium-person-style2\">\n\t\t\t\t\t\t<div class=\"premium-person-container premium-person-zoomin-effect\">\n\n\t\t\t\t<div class=\"premium-person-image-container\">\n\t\t\t\t\t\n\t\t\t\t\t\t\t\t\t\t\t<div class=\"premium-person-social\">\n\t\t\t\t\t\t\t<ul class=\"premium-person-social-list\">\t\t\t\t<li class=\"elementor-icon premium-person-list-item premium-person-facebook\">\n\t\t\t\t\t<a href=\"#\" target=\"_blank\">\n\t\t\t\t\t\t<i class=\"fab fa-facebook-f\" aria-hidden=\"true\"><\/i>\n\t\t\t\t\t<\/a>\n\t\t\t\t<\/li>\n\t\t\t\t\t\t\t\t<li class=\"elementor-icon premium-person-list-item premium-person-twitter\">\n\t\t\t\t\t<a href=\"#\" target=\"_blank\">\n\t\t\t\t\t\t<i class=\"fab fa-twitter\" aria-hidden=\"true\"><\/i>\n\t\t\t\t\t<\/a>\n\t\t\t\t<\/li>\n\t\t\t\t\t\t\t\t<li class=\"elementor-icon premium-person-list-item premium-person-instagram\">\n\t\t\t\t\t<a href=\"#\" target=\"_blank\">\n\t\t\t\t\t\t<i class=\"fab fa-instagram\" aria-hidden=\"true\"><\/i>\n\t\t\t\t\t<\/a>\n\t\t\t\t<\/li>\n\t\t\t\t\t\t\t\t<li class=\"elementor-icon premium-person-list-item premium-person-dribbble\">\n\t\t\t\t\t<a href=\"#\" target=\"_blank\">\n\t\t\t\t\t\t<i class=\"fab fa-dribbble\" aria-hidden=\"true\"><\/i>\n\t\t\t\t\t<\/a>\n\t\t\t\t<\/li>\n\t\t\t\t<\/ul>\t\t\t\t\t\t<\/div>\n\t\t\t\t\t\t\t\t\t<\/div>\n\t\t\t\t<div class=\"premium-person-info\">\n\t\t\t\t\t\t\t\t<div class=\"premium-person-info-container\">\n\t\t\t\t\t\t\t\t\t<h2 class=\"premium-person-name\">Sohail Bin Mahmood<\/h2>\t\t\t\t\t\t\t\t\t\t\t<h4 class=\"premium-person-title\">\n\t\t\t\t\t\t\t<span><p>S\u00f3cio e Diretor da Hera Internacional<\/p><\/span>\n\t\t\t\t\t\t<\/h4>\n\t\t\t\t\t\t\t\t\t\t\t<div class=\"premium-person-content\">\n\t\t\t\t\t\t\t<p><strong>Rela\u00e7\u00f5es Internacionais | Projetos Estrat\u00e9gicos&nbsp; | ESG<\/strong><\/p>\n<p>Sohail Bin Mahmood \u00e9 cidad\u00e3o saudita, formado em Sistemas de Informa\u00e7\u00e3o, especialista em gest\u00e3o de projetos e rela\u00e7\u00f5es internacionais. Possui certifica\u00e7\u00f5es PMP do Project Management Institute (PMI), e em Investimentos ESG do CFA Institute. Atua h\u00e1 mais de 20 anos fortalecendo rela\u00e7\u00f5es econ\u00f4micas, comerciais e culturais na regi\u00e3o do Golfo, sendo pioneiro nas articula\u00e7\u00f5es entre a Ar\u00e1bia Saudita e o Brasil. \u00c9 fundador e CEO do CICIBAS \u2013 Centro Brasileiro-Ar\u00e1bia Saudita para Investimento, Com\u00e9rcio e Ind\u00fastria, Cofundador e Gerente Geral da Gulfco Brasil \u2013 Trade &amp; Commercial Brokerage no Panam\u00e1, Cofundador da Al-Janib Al-Sharqi Trading Co e membro do Conselho Empresarial Saudita-Latino da Federa\u00e7\u00e3o das C\u00e2maras Sauditas. Tamb\u00e9m \u00e9 consultor estrat\u00e9gico de diversas institui\u00e7\u00f5es p\u00fablicas e privadas no Brasil, Ar\u00e1bia Saudita e pa\u00edses do Golfo. Sohail trabalhou no Minist\u00e9rio das Rela\u00e7\u00f5es Exteriores da Ar\u00e1bia Saudita, e atuou localmente em embaixadas no Brasil, Argentina e Venezuela. Publicou os livros \u201cBrasil Sob o Microsc\u00f3pio\u201d em 2006 (l\u00edngua \u00e1rabe) e \u201cUm Cavaleiro do Deserto: Rei Abdulaziz Al Saud\u201d em 2023, primeiro livro em l\u00edngua portuguesa sobre a fam\u00edlia real saudita. Sohail foi agraciado por duas vezes com a Medalha Juscelino Kubitschek (2019 e 2023), concedida pelo Brasil em reconhecimento \u00e0s contribui\u00e7\u00f5es bilaterais.<\/p>\t\t\t\t\t\t<\/div>\n\t\t\t\t\t\t\t\t<\/div>\n\t\t\t\t\t\t\t<\/div>\n\t\t\t<\/div>\n\t\t\t\t\t\t<\/div>\n\t\t\t\t\t\t<\/div>\n\t\t\t\t<\/div>\n\t\t\t\t<\/div>\n\t\t<div class=\"elementor-element elementor-element-26c3b1d e-flex e-con-boxed e-con e-child\" data-id=\"26c3b1d\" data-element_type=\"container\">\n\t\t\t\t\t<div class=\"e-con-inner\">\n\t\t\t\t<div class=\"elementor-element elementor-element-d905107 elementor-widget elementor-widget-premium-addon-person\" data-id=\"d905107\" data-element_type=\"widget\" data-widget_type=\"premium-addon-person.default\">\n\t\t\t\t<div class=\"elementor-widget-container\">\n\t\t\t\t\t\t\t<div class=\"premium-persons-container premium-person-style2\">\n\t\t\t\t\t\t<div class=\"premium-person-container premium-person-zoomin-effect\">\n\n\t\t\t\t<div class=\"premium-person-image-container\">\n\t\t\t\t\t\n\t\t\t\t\t\t\t\t\t\t\t<div class=\"premium-person-social\">\n\t\t\t\t\t\t\t<ul class=\"premium-person-social-list\">\t\t\t\t<li class=\"elementor-icon premium-person-list-item premium-person-facebook\">\n\t\t\t\t\t<a href=\"#\" target=\"_blank\">\n\t\t\t\t\t\t<i class=\"fab fa-facebook-f\" aria-hidden=\"true\"><\/i>\n\t\t\t\t\t<\/a>\n\t\t\t\t<\/li>\n\t\t\t\t\t\t\t\t<li class=\"elementor-icon premium-person-list-item premium-person-twitter\">\n\t\t\t\t\t<a href=\"#\" target=\"_blank\">\n\t\t\t\t\t\t<i class=\"fab fa-twitter\" aria-hidden=\"true\"><\/i>\n\t\t\t\t\t<\/a>\n\t\t\t\t<\/li>\n\t\t\t\t\t\t\t\t<li class=\"elementor-icon premium-person-list-item premium-person-instagram\">\n\t\t\t\t\t<a href=\"#\" target=\"_blank\">\n\t\t\t\t\t\t<i class=\"fab fa-instagram\" aria-hidden=\"true\"><\/i>\n\t\t\t\t\t<\/a>\n\t\t\t\t<\/li>\n\t\t\t\t\t\t\t\t<li class=\"elementor-icon premium-person-list-item premium-person-dribbble\">\n\t\t\t\t\t<a href=\"#\" target=\"_blank\">\n\t\t\t\t\t\t<i class=\"fab fa-dribbble\" aria-hidden=\"true\"><\/i>\n\t\t\t\t\t<\/a>\n\t\t\t\t<\/li>\n\t\t\t\t<\/ul>\t\t\t\t\t\t<\/div>\n\t\t\t\t\t\t\t\t\t<\/div>\n\t\t\t\t<div class=\"premium-person-info\">\n\t\t\t\t\t\t\t\t<div class=\"premium-person-info-container\">\n\t\t\t\t\t\t\t\t\t<h2 class=\"premium-person-name\">Thais Peters<\/h2>\t\t\t\t\t\t\t\t\t\t\t<h4 class=\"premium-person-title\">\n\t\t\t\t\t\t\t<span><p> S\u00f3cia<\/p><\/span>\n\t\t\t\t\t\t<\/h4>\n\t\t\t\t\t\t\t\t\t\t\t<div class=\"premium-person-content\">\n\t\t\t\t\t\t\t<p><strong>Mercado Financeiro |\u00a0Gest\u00e3o de Riscos |\u00a0ESG<\/strong><\/p><p>Economista, especialista em mercado financeiro, mestre em economia de empresas e doutoranda em sustentabilidade. Com mais de 20 anos de experi\u00eancia no mercado financeiro e no setor de seguros, ocupou cargos executivos em institui\u00e7\u00f5es de grande porte, como a Caixa Econ\u00f4mica Federal, onde atuou como superintendente de planejamento financeiro, diretora de reestrutura\u00e7\u00e3o de cr\u00e9dito e vice-presidente de fundos de investimento. Tamb\u00e9m ocupou o cargo de Diretora da ANBIMA, representando a CAIXA no colegiado. Foi diretora comercial na Caixa Cart\u00f5es e diretora de riscos e controles internos na Insurtech Youse. Atuou como diretora de Riscos no IRB RE, acumulando a responsabilidade pela \u00e1rea de sustentabilidade. Foi conselheira no IRB RE, VLI, e OTP Transporte.\u00a0Desde 2022 atua como mentora de Startups, com foco especial em Fintechs.<\/p><p>\u00a0<\/p>\t\t\t\t\t\t<\/div>\n\t\t\t\t\t\t\t\t<\/div>\n\t\t\t\t\t\t\t<\/div>\n\t\t\t<\/div>\n\t\t\t\t\t\t<\/div>\n\t\t\t\t\t\t<\/div>\n\t\t\t\t<\/div>\n\t\t\t\t\t<\/div>\n\t\t\t\t<\/div>\n\t\t\t\t\t<\/div>\n\t\t\t\t<\/div>\n\t\t<div class=\"elementor-element elementor-element-e5e89f4 e-flex e-con-boxed e-con e-parent\" data-id=\"e5e89f4\" data-element_type=\"container\">\n\t\t\t\t\t<div class=\"e-con-inner\">\n\t\t\t\t<div class=\"elementor-element elementor-element-c632f1b elementor-widget-divider--view-line elementor-widget elementor-widget-divider\" data-id=\"c632f1b\" data-element_type=\"widget\" data-widget_type=\"divider.default\">\n\t\t\t\t<div class=\"elementor-widget-container\">\n\t\t\t\t\t\t\t<div class=\"elementor-divider\">\n\t\t\t<span class=\"elementor-divider-separator\">\n\t\t\t\t\t\t<\/span>\n\t\t<\/div>\n\t\t\t\t\t\t<\/div>\n\t\t\t\t<\/div>\n\t\t\t\t<div class=\"elementor-element elementor-element-3aa6872 elementor-widget elementor-widget-text-editor\" data-id=\"3aa6872\" data-element_type=\"widget\" data-widget_type=\"text-editor.default\">\n\t\t\t\t<div class=\"elementor-widget-container\">\n\t\t\t\t\t\t\t\t\t<h5 style=\"text-align: center;\">Nossa equipe ainda \u00e9 complementada por uma rede de parceiros e consultores associados com ampla experi\u00eancia nos setores envolvidos e\/ou geogr\u00e1fica espec\u00edfica, garantindo m\u00e1xima abrang\u00eancia na busca das melhores recomenda\u00e7\u00f5es para nossos clientes.<\/h5>\t\t\t\t\t\t\t\t<\/div>\n\t\t\t\t<\/div>\n\t\t\t\t\t<\/div>\n\t\t\t\t<\/div>\n\t\t\t\t<\/div>\n\t\t","protected":false},"excerpt":{"rendered":"<p>Nossa Equipe Caroline Vivaldi Fundadora e CEO Finan\u00e7as Sustent\u00e1veis |\u00a0Mudan\u00e7a Clim\u00e1tica |\u00a0ESG Caroline Vivaldi \u00e9 economista, especialista em sistemas financeiros, agroneg\u00f3cios, desenvolvimento econ\u00f4mico e sustent\u00e1vel, an\u00e1lise de dados e coopera\u00e7\u00e3o internacional. Atuou como especialista em finan\u00e7as sustent\u00e1veis e ESG na Deutsche Gesellschaft f\u00fcr Internationale Zusammenarbeit (GIZ), no Banco Central do Brasil e no Minist\u00e9rio da [&hellip;]<\/p>\n","protected":false},"author":1,"featured_media":0,"parent":0,"menu_order":0,"comment_status":"closed","ping_status":"closed","template":"elementor_canvas","meta":{"footnotes":""},"class_list":["post-907","page","type-page","status-publish"],"yoast_head":"<!-- This site is optimized with the Yoast SEO plugin v25.8 - https:\/\/yoast.com\/wordpress\/plugins\/seo\/ -->\n<title>Nossa Equipe - HERA GEST\u00c3O<\/title>\n<meta name=\"robots\" content=\"index, follow, max-snippet:-1, max-image-preview:large, max-video-preview:-1\" \/>\n<link rel=\"canonical\" href=\"https:\/\/heragestao.com\/pt\/nossa-equipe\/\" \/>\n<meta property=\"og:locale\" content=\"pt_BR\" \/>\n<meta property=\"og:type\" content=\"article\" \/>\n<meta property=\"og:title\" content=\"Nossa Equipe - HERA GEST\u00c3O\" \/>\n<meta property=\"og:description\" content=\"Nossa Equipe Caroline Vivaldi Fundadora e CEO Finan\u00e7as Sustent\u00e1veis |\u00a0Mudan\u00e7a Clim\u00e1tica |\u00a0ESG Caroline Vivaldi \u00e9 economista, especialista em sistemas financeiros, agroneg\u00f3cios, desenvolvimento econ\u00f4mico e sustent\u00e1vel, an\u00e1lise de dados e coopera\u00e7\u00e3o internacional. Atuou como especialista em finan\u00e7as sustent\u00e1veis e ESG na Deutsche Gesellschaft f\u00fcr Internationale Zusammenarbeit (GIZ), no Banco Central do Brasil e no Minist\u00e9rio da [&hellip;]\" \/>\n<meta property=\"og:url\" content=\"https:\/\/heragestao.com\/pt\/nossa-equipe\/\" \/>\n<meta property=\"og:site_name\" content=\"HERA GEST\u00c3O\" \/>\n<meta property=\"article:modified_time\" content=\"2025-10-02T02:08:17+00:00\" \/>\n<meta name=\"twitter:card\" content=\"summary_large_image\" \/>\n<meta name=\"twitter:label1\" content=\"Est. tempo de leitura\" \/>\n\t<meta name=\"twitter:data1\" content=\"4 minutos\" \/>\n<script type=\"application\/ld+json\" class=\"yoast-schema-graph\">{\"@context\":\"https:\/\/schema.org\",\"@graph\":[{\"@type\":\"WebPage\",\"@id\":\"https:\/\/heragestao.com\/pt\/nossa-equipe\/\",\"url\":\"https:\/\/heragestao.com\/pt\/nossa-equipe\/\",\"name\":\"Nossa Equipe - HERA GEST\u00c3O\",\"isPartOf\":{\"@id\":\"https:\/\/heragestao.com\/pt\/#website\"},\"datePublished\":\"2024-04-14T19:43:10+00:00\",\"dateModified\":\"2025-10-02T02:08:17+00:00\",\"breadcrumb\":{\"@id\":\"https:\/\/heragestao.com\/pt\/nossa-equipe\/#breadcrumb\"},\"inLanguage\":\"pt-BR\",\"potentialAction\":[{\"@type\":\"ReadAction\",\"target\":[\"https:\/\/heragestao.com\/pt\/nossa-equipe\/\"]}]},{\"@type\":\"BreadcrumbList\",\"@id\":\"https:\/\/heragestao.com\/pt\/nossa-equipe\/#breadcrumb\",\"itemListElement\":[{\"@type\":\"ListItem\",\"position\":1,\"name\":\"In\u00edcio\",\"item\":\"https:\/\/heragestao.com\/pt\/\"},{\"@type\":\"ListItem\",\"position\":2,\"name\":\"Nossa Equipe\"}]},{\"@type\":\"WebSite\",\"@id\":\"https:\/\/heragestao.com\/pt\/#website\",\"url\":\"https:\/\/heragestao.com\/pt\/\",\"name\":\"HERA GEST\u00c3O\",\"description\":\"\",\"publisher\":{\"@id\":\"https:\/\/heragestao.com\/pt\/#organization\"},\"potentialAction\":[{\"@type\":\"SearchAction\",\"target\":{\"@type\":\"EntryPoint\",\"urlTemplate\":\"https:\/\/heragestao.com\/pt\/?s={search_term_string}\"},\"query-input\":{\"@type\":\"PropertyValueSpecification\",\"valueRequired\":true,\"valueName\":\"search_term_string\"}}],\"inLanguage\":\"pt-BR\"},{\"@type\":\"Organization\",\"@id\":\"https:\/\/heragestao.com\/pt\/#organization\",\"name\":\"HERA GEST\u00c3O\",\"url\":\"https:\/\/heragestao.com\/pt\/\",\"logo\":{\"@type\":\"ImageObject\",\"inLanguage\":\"pt-BR\",\"@id\":\"https:\/\/heragestao.com\/pt\/#\/schema\/logo\/image\/\",\"url\":\"https:\/\/heragestao.com\/pt\/wp-content\/uploads\/2024\/03\/logo_hera.jpg\",\"contentUrl\":\"https:\/\/heragestao.com\/pt\/wp-content\/uploads\/2024\/03\/logo_hera.jpg\",\"width\":500,\"height\":325,\"caption\":\"HERA GEST\u00c3O\"},\"image\":{\"@id\":\"https:\/\/heragestao.com\/pt\/#\/schema\/logo\/image\/\"}}]}<\/script>\n<!-- \/ Yoast SEO plugin. -->","yoast_head_json":{"title":"Nossa Equipe - HERA GEST\u00c3O","robots":{"index":"index","follow":"follow","max-snippet":"max-snippet:-1","max-image-preview":"max-image-preview:large","max-video-preview":"max-video-preview:-1"},"canonical":"https:\/\/heragestao.com\/pt\/nossa-equipe\/","og_locale":"pt_BR","og_type":"article","og_title":"Nossa Equipe - HERA GEST\u00c3O","og_description":"Nossa Equipe Caroline Vivaldi Fundadora e CEO Finan\u00e7as Sustent\u00e1veis |\u00a0Mudan\u00e7a Clim\u00e1tica |\u00a0ESG Caroline Vivaldi \u00e9 economista, especialista em sistemas financeiros, agroneg\u00f3cios, desenvolvimento econ\u00f4mico e sustent\u00e1vel, an\u00e1lise de dados e coopera\u00e7\u00e3o internacional. Atuou como especialista em finan\u00e7as sustent\u00e1veis e ESG na Deutsche Gesellschaft f\u00fcr Internationale Zusammenarbeit (GIZ), no Banco Central do Brasil e no Minist\u00e9rio da [&hellip;]","og_url":"https:\/\/heragestao.com\/pt\/nossa-equipe\/","og_site_name":"HERA GEST\u00c3O","article_modified_time":"2025-10-02T02:08:17+00:00","twitter_card":"summary_large_image","twitter_misc":{"Est. tempo de leitura":"4 minutos"},"schema":{"@context":"https:\/\/schema.org","@graph":[{"@type":"WebPage","@id":"https:\/\/heragestao.com\/pt\/nossa-equipe\/","url":"https:\/\/heragestao.com\/pt\/nossa-equipe\/","name":"Nossa Equipe - HERA GEST\u00c3O","isPartOf":{"@id":"https:\/\/heragestao.com\/pt\/#website"},"datePublished":"2024-04-14T19:43:10+00:00","dateModified":"2025-10-02T02:08:17+00:00","breadcrumb":{"@id":"https:\/\/heragestao.com\/pt\/nossa-equipe\/#breadcrumb"},"inLanguage":"pt-BR","potentialAction":[{"@type":"ReadAction","target":["https:\/\/heragestao.com\/pt\/nossa-equipe\/"]}]},{"@type":"BreadcrumbList","@id":"https:\/\/heragestao.com\/pt\/nossa-equipe\/#breadcrumb","itemListElement":[{"@type":"ListItem","position":1,"name":"In\u00edcio","item":"https:\/\/heragestao.com\/pt\/"},{"@type":"ListItem","position":2,"name":"Nossa Equipe"}]},{"@type":"WebSite","@id":"https:\/\/heragestao.com\/pt\/#website","url":"https:\/\/heragestao.com\/pt\/","name":"HERA GEST\u00c3O","description":"","publisher":{"@id":"https:\/\/heragestao.com\/pt\/#organization"},"potentialAction":[{"@type":"SearchAction","target":{"@type":"EntryPoint","urlTemplate":"https:\/\/heragestao.com\/pt\/?s={search_term_string}"},"query-input":{"@type":"PropertyValueSpecification","valueRequired":true,"valueName":"search_term_string"}}],"inLanguage":"pt-BR"},{"@type":"Organization","@id":"https:\/\/heragestao.com\/pt\/#organization","name":"HERA GEST\u00c3O","url":"https:\/\/heragestao.com\/pt\/","logo":{"@type":"ImageObject","inLanguage":"pt-BR","@id":"https:\/\/heragestao.com\/pt\/#\/schema\/logo\/image\/","url":"https:\/\/heragestao.com\/pt\/wp-content\/uploads\/2024\/03\/logo_hera.jpg","contentUrl":"https:\/\/heragestao.com\/pt\/wp-content\/uploads\/2024\/03\/logo_hera.jpg","width":500,"height":325,"caption":"HERA GEST\u00c3O"},"image":{"@id":"https:\/\/heragestao.com\/pt\/#\/schema\/logo\/image\/"}}]}},"_links":{"self":[{"href":"https:\/\/heragestao.com\/pt\/wp-json\/wp\/v2\/pages\/907","targetHints":{"allow":["GET"]}}],"collection":[{"href":"https:\/\/heragestao.com\/pt\/wp-json\/wp\/v2\/pages"}],"about":[{"href":"https:\/\/heragestao.com\/pt\/wp-json\/wp\/v2\/types\/page"}],"author":[{"embeddable":true,"href":"https:\/\/heragestao.com\/pt\/wp-json\/wp\/v2\/users\/1"}],"replies":[{"embeddable":true,"href":"https:\/\/heragestao.com\/pt\/wp-json\/wp\/v2\/comments?post=907"}],"version-history":[{"count":68,"href":"https:\/\/heragestao.com\/pt\/wp-json\/wp\/v2\/pages\/907\/revisions"}],"predecessor-version":[{"id":1410,"href":"https:\/\/heragestao.com\/pt\/wp-json\/wp\/v2\/pages\/907\/revisions\/1410"}],"wp:attachment":[{"href":"https:\/\/heragestao.com\/pt\/wp-json\/wp\/v2\/media?parent=907"}],"curies":[{"name":"wp","href":"https:\/\/api.w.org\/{rel}","templated":true}]}}