{"id":460,"date":"2024-03-20T14:02:51","date_gmt":"2024-03-20T14:02:51","guid":{"rendered":"https:\/\/heragestao.com\/pt\/?page_id=460"},"modified":"2025-10-02T01:42:30","modified_gmt":"2025-10-02T01:42:30","slug":"sobre","status":"publish","type":"page","link":"https:\/\/heragestao.com\/pt\/sobre\/","title":{"rendered":"Sobre"},"content":{"rendered":"\t\t<div data-elementor-type=\"wp-page\" data-elementor-id=\"460\" class=\"elementor elementor-460\" data-elementor-post-type=\"page\">\n\t\t\t\t<div class=\"elementor-element elementor-element-1aed9b4a e-flex e-con-boxed e-con e-parent\" data-id=\"1aed9b4a\" data-element_type=\"container\" data-settings=\"{&quot;background_background&quot;:&quot;classic&quot;}\">\n\t\t\t\t\t<div class=\"e-con-inner\">\n\t\t\t\t<div class=\"elementor-element elementor-element-688697 elementor-widget elementor-widget-heading\" data-id=\"688697\" data-element_type=\"widget\" data-widget_type=\"heading.default\">\n\t\t\t\t<div class=\"elementor-widget-container\">\n\t\t\t\t\t<h2 class=\"elementor-heading-title elementor-size-default\">Sobre<\/h2>\t\t\t\t<\/div>\n\t\t\t\t<\/div>\n\t\t\t\t\t<\/div>\n\t\t\t\t<\/div>\n\t\t<div class=\"elementor-element elementor-element-514ee3a e-flex e-con-boxed e-con e-parent\" data-id=\"514ee3a\" data-element_type=\"container\">\n\t\t\t\t\t<div class=\"e-con-inner\">\n\t\t\t\t<div class=\"elementor-element elementor-element-44e55e2 elementor-widget elementor-widget-text-editor\" data-id=\"44e55e2\" data-element_type=\"widget\" data-widget_type=\"text-editor.default\">\n\t\t\t\t<div class=\"elementor-widget-container\">\n\t\t\t\t\t\t\t\t\t<h2 data-sourcepos=\"3:1-3:8\"><span style=\"color: #000080;\"><strong>HERA <\/strong><\/span><\/h2><h4 data-sourcepos=\"3:1-3:8\"><span style=\"color: #000080;\"><strong>GEST\u00c3O E SUSTENTABILIDADE<\/strong><\/span><\/h4><p>\u00a0<\/p><h3><strong>Nossa Hist\u00f3ria<\/strong><\/h3><h4>A Hera Gest\u00e3o e Sustentabilidade nasceu do olhar atento de uma profissional experiente, que, ap\u00f3s anos contratando grandes consultorias (nacionais e internacionais) e conhecendo profundamente este segmento, identificou uma lacuna importante no mercado: a necessidade de servi\u00e7os mais personalizados, com maior qualidade e foco real no cliente.<\/h4><h4>Fundada a partir desse prop\u00f3sito, a Hera foi criada para auxiliar os setores p\u00fablico e privado em seus processos de transi\u00e7\u00e3o para uma economia mais sustent\u00e1vel, promovendo um desenvolvimento que n\u00e3o esgote recursos \u2013 financeiros e ambientais \u2013 para o futuro, combinando o rigor t\u00e9cnico com um atendimento pr\u00f3ximo e individualizado.<\/h4><h4>Seu compromisso \u00e9 entender a fundo cada desafio e entregar produtos e solu\u00e7\u00f5es de alta qualidade, pensados para atender \u00e0s necessidades espec\u00edficas de cada cliente.<\/h4><h4>Com profundo conhecimento do mercado e uma vis\u00e3o inovadora, a Hera se posiciona como uma parceira confi\u00e1vel para as institui\u00e7\u00f5es que buscam n\u00e3o apenas aprimorar seus resultados, mas construir bases s\u00f3lidas para um crescimento econ\u00f4mico e sustent\u00e1vel a partir do equil\u00edbrio entre os fatores financeiros, ambientais, clim\u00e1ticos e sociais.<\/h4><h4>Aqui, mais do que consultoria, entregamos valor real: excel\u00eancia, estrat\u00e9gia e prop\u00f3sito.<\/h4><h3>\u00a0<\/h3><h3><strong>Nossa Miss\u00e3o<\/strong><\/h3><h4>Nossa miss\u00e3o \u00e9 contribuir com o desenvolvimento econ\u00f4mico e sustent\u00e1vel dos territ\u00f3rios em que atuamos.<\/h4><h3>\u00a0<\/h3><h3><strong>Nossa vis\u00e3o<\/strong><\/h3><h4>Ser refer\u00eancia na presta\u00e7\u00e3o de servi\u00e7os personalizados em sustentabilidade<strong>.<\/strong><\/h4><p>\u00a0<\/p><p>\u00a0<\/p><h3><strong>Nossos valores<\/strong><\/h3><h4>Buscamos a excel\u00eancia em tudo o que fazemos.<\/h4>\t\t\t\t\t\t\t\t<\/div>\n\t\t\t\t<\/div>\n\t\t\t\t\t<\/div>\n\t\t\t\t<\/div>\n\t\t\t\t<\/div>\n\t\t","protected":false},"excerpt":{"rendered":"<p>Sobre HERA GEST\u00c3O E SUSTENTABILIDADE \u00a0 Nossa Hist\u00f3ria A Hera Gest\u00e3o e Sustentabilidade nasceu do olhar atento de uma profissional experiente, que, ap\u00f3s anos contratando grandes consultorias (nacionais e internacionais) e conhecendo profundamente este segmento, identificou uma lacuna importante no mercado: a necessidade de servi\u00e7os mais personalizados, com maior qualidade e foco real no cliente. [&hellip;]<\/p>\n","protected":false},"author":1,"featured_media":0,"parent":0,"menu_order":0,"comment_status":"closed","ping_status":"closed","template":"elementor_canvas","meta":{"footnotes":""},"class_list":["post-460","page","type-page","status-publish"],"yoast_head":"<!-- This site is optimized with the Yoast SEO plugin v25.8 - https:\/\/yoast.com\/wordpress\/plugins\/seo\/ -->\n<title>Sobre - HERA GEST\u00c3O<\/title>\n<meta name=\"robots\" content=\"index, follow, max-snippet:-1, max-image-preview:large, max-video-preview:-1\" \/>\n<link rel=\"canonical\" href=\"https:\/\/heragestao.com\/pt\/sobre\/\" \/>\n<meta property=\"og:locale\" content=\"pt_BR\" \/>\n<meta property=\"og:type\" content=\"article\" \/>\n<meta property=\"og:title\" content=\"Sobre - HERA GEST\u00c3O\" \/>\n<meta property=\"og:description\" content=\"Sobre HERA GEST\u00c3O E SUSTENTABILIDADE \u00a0 Nossa Hist\u00f3ria A Hera Gest\u00e3o e Sustentabilidade nasceu do olhar atento de uma profissional experiente, que, ap\u00f3s anos contratando grandes consultorias (nacionais e internacionais) e conhecendo profundamente este segmento, identificou uma lacuna importante no mercado: a necessidade de servi\u00e7os mais personalizados, com maior qualidade e foco real no cliente. [&hellip;]\" \/>\n<meta property=\"og:url\" content=\"https:\/\/heragestao.com\/pt\/sobre\/\" \/>\n<meta property=\"og:site_name\" content=\"HERA GEST\u00c3O\" \/>\n<meta property=\"article:modified_time\" content=\"2025-10-02T01:42:30+00:00\" \/>\n<meta name=\"twitter:card\" content=\"summary_large_image\" \/>\n<meta name=\"twitter:label1\" content=\"Est. tempo de leitura\" \/>\n\t<meta name=\"twitter:data1\" content=\"2 minutos\" \/>\n<script type=\"application\/ld+json\" class=\"yoast-schema-graph\">{\"@context\":\"https:\/\/schema.org\",\"@graph\":[{\"@type\":\"WebPage\",\"@id\":\"https:\/\/heragestao.com\/pt\/sobre\/\",\"url\":\"https:\/\/heragestao.com\/pt\/sobre\/\",\"name\":\"Sobre - HERA GEST\u00c3O\",\"isPartOf\":{\"@id\":\"https:\/\/heragestao.com\/pt\/#website\"},\"datePublished\":\"2024-03-20T14:02:51+00:00\",\"dateModified\":\"2025-10-02T01:42:30+00:00\",\"breadcrumb\":{\"@id\":\"https:\/\/heragestao.com\/pt\/sobre\/#breadcrumb\"},\"inLanguage\":\"pt-BR\",\"potentialAction\":[{\"@type\":\"ReadAction\",\"target\":[\"https:\/\/heragestao.com\/pt\/sobre\/\"]}]},{\"@type\":\"BreadcrumbList\",\"@id\":\"https:\/\/heragestao.com\/pt\/sobre\/#breadcrumb\",\"itemListElement\":[{\"@type\":\"ListItem\",\"position\":1,\"name\":\"In\u00edcio\",\"item\":\"https:\/\/heragestao.com\/pt\/\"},{\"@type\":\"ListItem\",\"position\":2,\"name\":\"Sobre\"}]},{\"@type\":\"WebSite\",\"@id\":\"https:\/\/heragestao.com\/pt\/#website\",\"url\":\"https:\/\/heragestao.com\/pt\/\",\"name\":\"HERA GEST\u00c3O\",\"description\":\"\",\"publisher\":{\"@id\":\"https:\/\/heragestao.com\/pt\/#organization\"},\"potentialAction\":[{\"@type\":\"SearchAction\",\"target\":{\"@type\":\"EntryPoint\",\"urlTemplate\":\"https:\/\/heragestao.com\/pt\/?s={search_term_string}\"},\"query-input\":{\"@type\":\"PropertyValueSpecification\",\"valueRequired\":true,\"valueName\":\"search_term_string\"}}],\"inLanguage\":\"pt-BR\"},{\"@type\":\"Organization\",\"@id\":\"https:\/\/heragestao.com\/pt\/#organization\",\"name\":\"HERA GEST\u00c3O\",\"url\":\"https:\/\/heragestao.com\/pt\/\",\"logo\":{\"@type\":\"ImageObject\",\"inLanguage\":\"pt-BR\",\"@id\":\"https:\/\/heragestao.com\/pt\/#\/schema\/logo\/image\/\",\"url\":\"https:\/\/heragestao.com\/pt\/wp-content\/uploads\/2024\/03\/logo_hera.jpg\",\"contentUrl\":\"https:\/\/heragestao.com\/pt\/wp-content\/uploads\/2024\/03\/logo_hera.jpg\",\"width\":500,\"height\":325,\"caption\":\"HERA GEST\u00c3O\"},\"image\":{\"@id\":\"https:\/\/heragestao.com\/pt\/#\/schema\/logo\/image\/\"}}]}<\/script>\n<!-- \/ Yoast SEO plugin. -->","yoast_head_json":{"title":"Sobre - HERA GEST\u00c3O","robots":{"index":"index","follow":"follow","max-snippet":"max-snippet:-1","max-image-preview":"max-image-preview:large","max-video-preview":"max-video-preview:-1"},"canonical":"https:\/\/heragestao.com\/pt\/sobre\/","og_locale":"pt_BR","og_type":"article","og_title":"Sobre - HERA GEST\u00c3O","og_description":"Sobre HERA GEST\u00c3O E SUSTENTABILIDADE \u00a0 Nossa Hist\u00f3ria A Hera Gest\u00e3o e Sustentabilidade nasceu do olhar atento de uma profissional experiente, que, ap\u00f3s anos contratando grandes consultorias (nacionais e internacionais) e conhecendo profundamente este segmento, identificou uma lacuna importante no mercado: a necessidade de servi\u00e7os mais personalizados, com maior qualidade e foco real no cliente. [&hellip;]","og_url":"https:\/\/heragestao.com\/pt\/sobre\/","og_site_name":"HERA GEST\u00c3O","article_modified_time":"2025-10-02T01:42:30+00:00","twitter_card":"summary_large_image","twitter_misc":{"Est. tempo de leitura":"2 minutos"},"schema":{"@context":"https:\/\/schema.org","@graph":[{"@type":"WebPage","@id":"https:\/\/heragestao.com\/pt\/sobre\/","url":"https:\/\/heragestao.com\/pt\/sobre\/","name":"Sobre - HERA GEST\u00c3O","isPartOf":{"@id":"https:\/\/heragestao.com\/pt\/#website"},"datePublished":"2024-03-20T14:02:51+00:00","dateModified":"2025-10-02T01:42:30+00:00","breadcrumb":{"@id":"https:\/\/heragestao.com\/pt\/sobre\/#breadcrumb"},"inLanguage":"pt-BR","potentialAction":[{"@type":"ReadAction","target":["https:\/\/heragestao.com\/pt\/sobre\/"]}]},{"@type":"BreadcrumbList","@id":"https:\/\/heragestao.com\/pt\/sobre\/#breadcrumb","itemListElement":[{"@type":"ListItem","position":1,"name":"In\u00edcio","item":"https:\/\/heragestao.com\/pt\/"},{"@type":"ListItem","position":2,"name":"Sobre"}]},{"@type":"WebSite","@id":"https:\/\/heragestao.com\/pt\/#website","url":"https:\/\/heragestao.com\/pt\/","name":"HERA GEST\u00c3O","description":"","publisher":{"@id":"https:\/\/heragestao.com\/pt\/#organization"},"potentialAction":[{"@type":"SearchAction","target":{"@type":"EntryPoint","urlTemplate":"https:\/\/heragestao.com\/pt\/?s={search_term_string}"},"query-input":{"@type":"PropertyValueSpecification","valueRequired":true,"valueName":"search_term_string"}}],"inLanguage":"pt-BR"},{"@type":"Organization","@id":"https:\/\/heragestao.com\/pt\/#organization","name":"HERA GEST\u00c3O","url":"https:\/\/heragestao.com\/pt\/","logo":{"@type":"ImageObject","inLanguage":"pt-BR","@id":"https:\/\/heragestao.com\/pt\/#\/schema\/logo\/image\/","url":"https:\/\/heragestao.com\/pt\/wp-content\/uploads\/2024\/03\/logo_hera.jpg","contentUrl":"https:\/\/heragestao.com\/pt\/wp-content\/uploads\/2024\/03\/logo_hera.jpg","width":500,"height":325,"caption":"HERA GEST\u00c3O"},"image":{"@id":"https:\/\/heragestao.com\/pt\/#\/schema\/logo\/image\/"}}]}},"_links":{"self":[{"href":"https:\/\/heragestao.com\/pt\/wp-json\/wp\/v2\/pages\/460","targetHints":{"allow":["GET"]}}],"collection":[{"href":"https:\/\/heragestao.com\/pt\/wp-json\/wp\/v2\/pages"}],"about":[{"href":"https:\/\/heragestao.com\/pt\/wp-json\/wp\/v2\/types\/page"}],"author":[{"embeddable":true,"href":"https:\/\/heragestao.com\/pt\/wp-json\/wp\/v2\/users\/1"}],"replies":[{"embeddable":true,"href":"https:\/\/heragestao.com\/pt\/wp-json\/wp\/v2\/comments?post=460"}],"version-history":[{"count":31,"href":"https:\/\/heragestao.com\/pt\/wp-json\/wp\/v2\/pages\/460\/revisions"}],"predecessor-version":[{"id":1406,"href":"https:\/\/heragestao.com\/pt\/wp-json\/wp\/v2\/pages\/460\/revisions\/1406"}],"wp:attachment":[{"href":"https:\/\/heragestao.com\/pt\/wp-json\/wp\/v2\/media?parent=460"}],"curies":[{"name":"wp","href":"https:\/\/api.w.org\/{rel}","templated":true}]}}