{"id":1329,"date":"2025-07-11T15:15:53","date_gmt":"2025-07-11T15:15:53","guid":{"rendered":"https:\/\/heragestao.com\/pt\/?page_id=1329"},"modified":"2025-07-11T16:26:02","modified_gmt":"2025-07-11T16:26:02","slug":"internacional","status":"publish","type":"page","link":"https:\/\/heragestao.com\/pt\/internacional\/","title":{"rendered":"Internacional"},"content":{"rendered":"\t\t<div data-elementor-type=\"wp-page\" data-elementor-id=\"1329\" class=\"elementor elementor-1329\" data-elementor-post-type=\"page\">\n\t\t\t\t<div class=\"elementor-element elementor-element-7dd6d41a e-flex e-con-boxed e-con e-parent\" data-id=\"7dd6d41a\" data-element_type=\"container\" data-settings=\"{&quot;background_background&quot;:&quot;classic&quot;}\">\n\t\t\t\t\t<div class=\"e-con-inner\">\n\t\t\t\t<div class=\"elementor-element elementor-element-7f5f365f elementor-widget elementor-widget-heading\" data-id=\"7f5f365f\" data-element_type=\"widget\" data-widget_type=\"heading.default\">\n\t\t\t\t<div class=\"elementor-widget-container\">\n\t\t\t\t\t<h2 class=\"elementor-heading-title elementor-size-default\">Internacional<\/h2>\t\t\t\t<\/div>\n\t\t\t\t<\/div>\n\t\t\t\t\t<\/div>\n\t\t\t\t<\/div>\n\t\t<div class=\"elementor-element elementor-element-d51537d e-flex e-con-boxed e-con e-parent\" data-id=\"d51537d\" data-element_type=\"container\">\n\t\t\t\t\t<div class=\"e-con-inner\">\n\t\t\t\t<div class=\"elementor-element elementor-element-710163f elementor-widget elementor-widget-text-editor\" data-id=\"710163f\" data-element_type=\"widget\" data-widget_type=\"text-editor.default\">\n\t\t\t\t<div class=\"elementor-widget-container\">\n\t\t\t\t\t\t\t\t\t<p>Nossa influ\u00eancia e opera\u00e7\u00f5es se estendem muito al\u00e9m das fronteiras nacionais. Cultivamos uma perspectiva global que nos permite enfrentar os desafios da sustentabilidade em diversos contextos geogr\u00e1ficos e culturais, mantendo, ao mesmo tempo, um profundo conhecimento das condi\u00e7\u00f5es e necessidades locais.<\/p>\t\t\t\t\t\t\t\t<\/div>\n\t\t\t\t<\/div>\n\t\t\t\t\t<\/div>\n\t\t\t\t<\/div>\n\t\t<div class=\"elementor-element elementor-element-e87aefd e-flex e-con-boxed e-con e-parent\" data-id=\"e87aefd\" data-element_type=\"container\">\n\t\t\t\t\t<div class=\"e-con-inner\">\n\t\t<div class=\"elementor-element elementor-element-8cdeda2 e-con-full e-flex e-con e-child\" data-id=\"8cdeda2\" data-element_type=\"container\">\n\t\t\t\t<div class=\"elementor-element elementor-element-f106157 elementor-widget elementor-widget-image\" data-id=\"f106157\" data-element_type=\"widget\" data-widget_type=\"image.default\">\n\t\t\t\t<div class=\"elementor-widget-container\">\n\t\t\t\t\t\t\t\t\t\t\t\t\t\t\t<img fetchpriority=\"high\" decoding=\"async\" width=\"320\" height=\"187\" src=\"https:\/\/heragestao.com\/pt\/wp-content\/uploads\/2025\/07\/globo21.png\" class=\"attachment-large size-large wp-image-1341\" alt=\"\" srcset=\"https:\/\/heragestao.com\/pt\/wp-content\/uploads\/2025\/07\/globo21.png 320w, https:\/\/heragestao.com\/pt\/wp-content\/uploads\/2025\/07\/globo21-300x175.png 300w, https:\/\/heragestao.com\/pt\/wp-content\/uploads\/2025\/07\/globo21-150x88.png 150w\" sizes=\"(max-width: 320px) 100vw, 320px\" \/>\t\t\t\t\t\t\t\t\t\t\t\t\t\t\t<\/div>\n\t\t\t\t<\/div>\n\t\t\t\t<\/div>\n\t\t<div class=\"elementor-element elementor-element-4a20105 e-con-full e-flex e-con e-child\" data-id=\"4a20105\" data-element_type=\"container\">\n\t\t\t\t<div class=\"elementor-element elementor-element-f878f71 elementor-widget elementor-widget-text-editor\" data-id=\"f878f71\" data-element_type=\"widget\" data-widget_type=\"text-editor.default\">\n\t\t\t\t<div class=\"elementor-widget-container\">\n\t\t\t\t\t\t\t\t\t<p><strong>Experi\u00eancia Internacional <\/strong><\/p><p>Nossos s\u00f3cios fundadores e especialistas associados possuem vasta experi\u00eancia trabalhando com organiza\u00e7\u00f5es multinacionais na Am\u00e9rica Latina, Europa, \u00c1frica e \u00c1sia. Essa exposi\u00e7\u00e3o global embasa nossa abordagem, permitindo-nos levar metodologias e melhores pr\u00e1ticas internacionais para todos os nossos clientes, independentemente da localiza\u00e7\u00e3o.<\/p>\t\t\t\t\t\t\t\t<\/div>\n\t\t\t\t<\/div>\n\t\t\t\t<\/div>\n\t\t\t\t\t<\/div>\n\t\t\t\t<\/div>\n\t\t<div class=\"elementor-element elementor-element-c023d33 e-flex e-con-boxed e-con e-parent\" data-id=\"c023d33\" data-element_type=\"container\">\n\t\t\t\t\t<div class=\"e-con-inner\">\n\t\t<div class=\"elementor-element elementor-element-6ae0fcd e-con-full e-flex e-con e-child\" data-id=\"6ae0fcd\" data-element_type=\"container\">\n\t\t\t\t<div class=\"elementor-element elementor-element-3b9cb12 elementor-widget elementor-widget-image\" data-id=\"3b9cb12\" data-element_type=\"widget\" data-widget_type=\"image.default\">\n\t\t\t\t<div class=\"elementor-widget-container\">\n\t\t\t\t\t\t\t\t\t\t\t\t\t\t\t<img decoding=\"async\" width=\"696\" height=\"465\" src=\"https:\/\/heragestao.com\/pt\/wp-content\/uploads\/2025\/07\/globo22-1024x684.jpg\" class=\"attachment-large size-large wp-image-1342\" alt=\"\" srcset=\"https:\/\/heragestao.com\/pt\/wp-content\/uploads\/2025\/07\/globo22-1024x684.jpg 1024w, https:\/\/heragestao.com\/pt\/wp-content\/uploads\/2025\/07\/globo22-300x200.jpg 300w, https:\/\/heragestao.com\/pt\/wp-content\/uploads\/2025\/07\/globo22-768x513.jpg 768w, https:\/\/heragestao.com\/pt\/wp-content\/uploads\/2025\/07\/globo22-150x100.jpg 150w, https:\/\/heragestao.com\/pt\/wp-content\/uploads\/2025\/07\/globo22-696x465.jpg 696w, https:\/\/heragestao.com\/pt\/wp-content\/uploads\/2025\/07\/globo22-1068x713.jpg 1068w, https:\/\/heragestao.com\/pt\/wp-content\/uploads\/2025\/07\/globo22-629x420.jpg 629w, https:\/\/heragestao.com\/pt\/wp-content\/uploads\/2025\/07\/globo22.jpg 1098w\" sizes=\"(max-width: 696px) 100vw, 696px\" \/>\t\t\t\t\t\t\t\t\t\t\t\t\t\t\t<\/div>\n\t\t\t\t<\/div>\n\t\t\t\t<\/div>\n\t\t<div class=\"elementor-element elementor-element-b0a007c e-con-full e-flex e-con e-child\" data-id=\"b0a007c\" data-element_type=\"container\">\n\t\t\t\t<div class=\"elementor-element elementor-element-a87f8e4 elementor-widget elementor-widget-text-editor\" data-id=\"a87f8e4\" data-element_type=\"widget\" data-widget_type=\"text-editor.default\">\n\t\t\t\t<div class=\"elementor-widget-container\">\n\t\t\t\t\t\t\t\t\t<p><strong>Contextualiza\u00e7\u00e3o Local<\/strong><\/p><p>Reconhecemos que os desafios e solu\u00e7\u00f5es da sustentabilidade devem ser adaptados \u00e0s realidades locais, incluindo ambientes regulat\u00f3rios, fatores culturais e condi\u00e7\u00f5es econ\u00f4micas. Por meio de nossa rede de especialistas e parceiros locais, mantemos conhecimento atualizado dos desenvolvimentos regionais em sustentabilidade e das expectativas das partes interessadas, permitindo-nos fornecer orienta\u00e7\u00f5es sens\u00edveis \u00e0s prioridades locais e alinhadas aos padr\u00f5es globais.<\/p>\t\t\t\t\t\t\t\t<\/div>\n\t\t\t\t<\/div>\n\t\t\t\t<\/div>\n\t\t\t\t\t<\/div>\n\t\t\t\t<\/div>\n\t\t<div class=\"elementor-element elementor-element-584b707 e-flex e-con-boxed e-con e-parent\" data-id=\"584b707\" data-element_type=\"container\">\n\t\t\t\t\t<div class=\"e-con-inner\">\n\t\t<div class=\"elementor-element elementor-element-4d3289b e-con-full e-flex e-con e-child\" data-id=\"4d3289b\" data-element_type=\"container\">\n\t\t\t\t<div class=\"elementor-element elementor-element-791704d elementor-widget elementor-widget-image\" data-id=\"791704d\" data-element_type=\"widget\" data-widget_type=\"image.default\">\n\t\t\t\t<div class=\"elementor-widget-container\">\n\t\t\t\t\t\t\t\t\t\t\t\t\t\t\t<img decoding=\"async\" width=\"696\" height=\"603\" src=\"https:\/\/heragestao.com\/pt\/wp-content\/uploads\/2025\/07\/arabia35.jpg\" class=\"attachment-large size-large wp-image-1344\" alt=\"\" srcset=\"https:\/\/heragestao.com\/pt\/wp-content\/uploads\/2025\/07\/arabia35.jpg 778w, https:\/\/heragestao.com\/pt\/wp-content\/uploads\/2025\/07\/arabia35-300x260.jpg 300w, https:\/\/heragestao.com\/pt\/wp-content\/uploads\/2025\/07\/arabia35-768x665.jpg 768w, https:\/\/heragestao.com\/pt\/wp-content\/uploads\/2025\/07\/arabia35-150x130.jpg 150w, https:\/\/heragestao.com\/pt\/wp-content\/uploads\/2025\/07\/arabia35-696x603.jpg 696w, https:\/\/heragestao.com\/pt\/wp-content\/uploads\/2025\/07\/arabia35-485x420.jpg 485w, https:\/\/heragestao.com\/pt\/wp-content\/uploads\/2025\/07\/arabia35-534x462.jpg 534w\" sizes=\"(max-width: 696px) 100vw, 696px\" \/>\t\t\t\t\t\t\t\t\t\t\t\t\t\t\t<\/div>\n\t\t\t\t<\/div>\n\t\t\t\t<\/div>\n\t\t<div class=\"elementor-element elementor-element-e84bf1b e-con-full e-flex e-con e-child\" data-id=\"e84bf1b\" data-element_type=\"container\">\n\t\t\t\t<div class=\"elementor-element elementor-element-4d2dafb elementor-widget elementor-widget-text-editor\" data-id=\"4d2dafb\" data-element_type=\"widget\" data-widget_type=\"text-editor.default\">\n\t\t\t\t<div class=\"elementor-widget-container\">\n\t\t\t\t\t\t\t\t\t<p><strong>Presen\u00e7a Estrat\u00e9gica no Oriente M\u00e9dio<\/strong><\/p><p>Os pa\u00edses do Golfo \u2013 Ar\u00e1bia Saudita, Emirados \u00c1rabes Unidos, Catar, Kuwait, Bahrein e Om\u00e3 &#8211; vivem um momento de forte crescimento econ\u00f4mico e t\u00eam demonstrado um claro compromisso com a agenda da sustentabilidade, da inova\u00e7\u00e3o clim\u00e1tica e da transi\u00e7\u00e3o verde. Nosso escrit\u00f3rio em Riade, na Ar\u00e1bia Saudita, consolida a atua\u00e7\u00e3o internacional da Hera em uma das regi\u00f5es mais din\u00e2micas e promissoras do mundo.<\/p><p>Nosso diferencial est\u00e1 nas s\u00f3lidas rela\u00e7\u00f5es institucionais de alto n\u00edvel nos pa\u00edses do Golfo, que foram desenvolvidas por um dos s\u00f3cios-fundadores da Hera, que \u00e9 saudita e possui um profundo conhecimento do contexto regional, assegurando atendimento qualificado, culturalmente sens\u00edvel e eficiente em todo Oriente M\u00e9dio.<\/p>\t\t\t\t\t\t\t\t<\/div>\n\t\t\t\t<\/div>\n\t\t\t\t<\/div>\n\t\t\t\t\t<\/div>\n\t\t\t\t<\/div>\n\t\t<div class=\"elementor-element elementor-element-4c7be5d e-flex e-con-boxed e-con e-parent\" data-id=\"4c7be5d\" data-element_type=\"container\">\n\t\t\t\t\t<div class=\"e-con-inner\">\n\t\t\t\t<div class=\"elementor-element elementor-element-beeb240 elementor-widget elementor-widget-text-editor\" data-id=\"beeb240\" data-element_type=\"widget\" data-widget_type=\"text-editor.default\">\n\t\t\t\t<div class=\"elementor-widget-container\">\n\t\t\t\t\t\t\t\t\t<p>Essa combina\u00e7\u00e3o de perspectiva global e expertise local posiciona a HERA como uma parceira ideal para organiza\u00e7\u00f5es que operam em diversas jurisdi\u00e7\u00f5es ou buscam alinhar suas pr\u00e1ticas de sustentabilidade com os padr\u00f5es internacionais, respeitando os contextos regionais. Seja voc\u00ea uma empresa multinacional que busca harmonizar sua abordagem de sustentabilidade em todas as opera\u00e7\u00f5es, uma entidade governamental engajada com compromissos clim\u00e1ticos internacionais ou uma organiza\u00e7\u00e3o local que busca adotar as melhores pr\u00e1ticas globais, a HERA oferece a perspectiva equilibrada necess\u00e1ria para uma implementa\u00e7\u00e3o eficaz.<\/p>\t\t\t\t\t\t\t\t<\/div>\n\t\t\t\t<\/div>\n\t\t\t\t\t<\/div>\n\t\t\t\t<\/div>\n\t\t\t\t<\/div>\n\t\t","protected":false},"excerpt":{"rendered":"<p>Internacional Nossa influ\u00eancia e opera\u00e7\u00f5es se estendem muito al\u00e9m das fronteiras nacionais. Cultivamos uma perspectiva global que nos permite enfrentar os desafios da sustentabilidade em diversos contextos geogr\u00e1ficos e culturais, mantendo, ao mesmo tempo, um profundo conhecimento das condi\u00e7\u00f5es e necessidades locais. Experi\u00eancia Internacional Nossos s\u00f3cios fundadores e especialistas associados possuem vasta experi\u00eancia trabalhando com [&hellip;]<\/p>\n","protected":false},"author":1,"featured_media":0,"parent":0,"menu_order":0,"comment_status":"closed","ping_status":"closed","template":"elementor_canvas","meta":{"footnotes":""},"class_list":["post-1329","page","type-page","status-publish"],"yoast_head":"<!-- This site is optimized with the Yoast SEO plugin v25.8 - https:\/\/yoast.com\/wordpress\/plugins\/seo\/ -->\n<title>Internacional - HERA GEST\u00c3O<\/title>\n<meta name=\"robots\" content=\"index, follow, max-snippet:-1, max-image-preview:large, max-video-preview:-1\" \/>\n<link rel=\"canonical\" href=\"https:\/\/heragestao.com\/pt\/internacional\/\" \/>\n<meta property=\"og:locale\" content=\"pt_BR\" \/>\n<meta property=\"og:type\" content=\"article\" \/>\n<meta property=\"og:title\" content=\"Internacional - HERA GEST\u00c3O\" \/>\n<meta property=\"og:description\" content=\"Internacional Nossa influ\u00eancia e opera\u00e7\u00f5es se estendem muito al\u00e9m das fronteiras nacionais. Cultivamos uma perspectiva global que nos permite enfrentar os desafios da sustentabilidade em diversos contextos geogr\u00e1ficos e culturais, mantendo, ao mesmo tempo, um profundo conhecimento das condi\u00e7\u00f5es e necessidades locais. Experi\u00eancia Internacional Nossos s\u00f3cios fundadores e especialistas associados possuem vasta experi\u00eancia trabalhando com [&hellip;]\" \/>\n<meta property=\"og:url\" content=\"https:\/\/heragestao.com\/pt\/internacional\/\" \/>\n<meta property=\"og:site_name\" content=\"HERA GEST\u00c3O\" \/>\n<meta property=\"article:modified_time\" content=\"2025-07-11T16:26:02+00:00\" \/>\n<meta property=\"og:image\" content=\"https:\/\/heragestao.com\/pt\/wp-content\/uploads\/2025\/07\/globo21.png\" \/>\n<meta name=\"twitter:card\" content=\"summary_large_image\" \/>\n<meta name=\"twitter:label1\" content=\"Est. tempo de leitura\" \/>\n\t<meta name=\"twitter:data1\" content=\"2 minutos\" \/>\n<script type=\"application\/ld+json\" class=\"yoast-schema-graph\">{\"@context\":\"https:\/\/schema.org\",\"@graph\":[{\"@type\":\"WebPage\",\"@id\":\"https:\/\/heragestao.com\/pt\/internacional\/\",\"url\":\"https:\/\/heragestao.com\/pt\/internacional\/\",\"name\":\"Internacional - HERA GEST\u00c3O\",\"isPartOf\":{\"@id\":\"https:\/\/heragestao.com\/pt\/#website\"},\"primaryImageOfPage\":{\"@id\":\"https:\/\/heragestao.com\/pt\/internacional\/#primaryimage\"},\"image\":{\"@id\":\"https:\/\/heragestao.com\/pt\/internacional\/#primaryimage\"},\"thumbnailUrl\":\"https:\/\/heragestao.com\/pt\/wp-content\/uploads\/2025\/07\/globo21.png\",\"datePublished\":\"2025-07-11T15:15:53+00:00\",\"dateModified\":\"2025-07-11T16:26:02+00:00\",\"breadcrumb\":{\"@id\":\"https:\/\/heragestao.com\/pt\/internacional\/#breadcrumb\"},\"inLanguage\":\"pt-BR\",\"potentialAction\":[{\"@type\":\"ReadAction\",\"target\":[\"https:\/\/heragestao.com\/pt\/internacional\/\"]}]},{\"@type\":\"ImageObject\",\"inLanguage\":\"pt-BR\",\"@id\":\"https:\/\/heragestao.com\/pt\/internacional\/#primaryimage\",\"url\":\"https:\/\/heragestao.com\/pt\/wp-content\/uploads\/2025\/07\/globo21.png\",\"contentUrl\":\"https:\/\/heragestao.com\/pt\/wp-content\/uploads\/2025\/07\/globo21.png\",\"width\":320,\"height\":187},{\"@type\":\"BreadcrumbList\",\"@id\":\"https:\/\/heragestao.com\/pt\/internacional\/#breadcrumb\",\"itemListElement\":[{\"@type\":\"ListItem\",\"position\":1,\"name\":\"In\u00edcio\",\"item\":\"https:\/\/heragestao.com\/pt\/\"},{\"@type\":\"ListItem\",\"position\":2,\"name\":\"Internacional\"}]},{\"@type\":\"WebSite\",\"@id\":\"https:\/\/heragestao.com\/pt\/#website\",\"url\":\"https:\/\/heragestao.com\/pt\/\",\"name\":\"HERA GEST\u00c3O\",\"description\":\"\",\"publisher\":{\"@id\":\"https:\/\/heragestao.com\/pt\/#organization\"},\"potentialAction\":[{\"@type\":\"SearchAction\",\"target\":{\"@type\":\"EntryPoint\",\"urlTemplate\":\"https:\/\/heragestao.com\/pt\/?s={search_term_string}\"},\"query-input\":{\"@type\":\"PropertyValueSpecification\",\"valueRequired\":true,\"valueName\":\"search_term_string\"}}],\"inLanguage\":\"pt-BR\"},{\"@type\":\"Organization\",\"@id\":\"https:\/\/heragestao.com\/pt\/#organization\",\"name\":\"HERA GEST\u00c3O\",\"url\":\"https:\/\/heragestao.com\/pt\/\",\"logo\":{\"@type\":\"ImageObject\",\"inLanguage\":\"pt-BR\",\"@id\":\"https:\/\/heragestao.com\/pt\/#\/schema\/logo\/image\/\",\"url\":\"https:\/\/heragestao.com\/pt\/wp-content\/uploads\/2024\/03\/logo_hera.jpg\",\"contentUrl\":\"https:\/\/heragestao.com\/pt\/wp-content\/uploads\/2024\/03\/logo_hera.jpg\",\"width\":500,\"height\":325,\"caption\":\"HERA GEST\u00c3O\"},\"image\":{\"@id\":\"https:\/\/heragestao.com\/pt\/#\/schema\/logo\/image\/\"}}]}<\/script>\n<!-- \/ Yoast SEO plugin. -->","yoast_head_json":{"title":"Internacional - HERA GEST\u00c3O","robots":{"index":"index","follow":"follow","max-snippet":"max-snippet:-1","max-image-preview":"max-image-preview:large","max-video-preview":"max-video-preview:-1"},"canonical":"https:\/\/heragestao.com\/pt\/internacional\/","og_locale":"pt_BR","og_type":"article","og_title":"Internacional - HERA GEST\u00c3O","og_description":"Internacional Nossa influ\u00eancia e opera\u00e7\u00f5es se estendem muito al\u00e9m das fronteiras nacionais. Cultivamos uma perspectiva global que nos permite enfrentar os desafios da sustentabilidade em diversos contextos geogr\u00e1ficos e culturais, mantendo, ao mesmo tempo, um profundo conhecimento das condi\u00e7\u00f5es e necessidades locais. Experi\u00eancia Internacional Nossos s\u00f3cios fundadores e especialistas associados possuem vasta experi\u00eancia trabalhando com [&hellip;]","og_url":"https:\/\/heragestao.com\/pt\/internacional\/","og_site_name":"HERA GEST\u00c3O","article_modified_time":"2025-07-11T16:26:02+00:00","og_image":[{"url":"https:\/\/heragestao.com\/pt\/wp-content\/uploads\/2025\/07\/globo21.png","type":"","width":"","height":""}],"twitter_card":"summary_large_image","twitter_misc":{"Est. tempo de leitura":"2 minutos"},"schema":{"@context":"https:\/\/schema.org","@graph":[{"@type":"WebPage","@id":"https:\/\/heragestao.com\/pt\/internacional\/","url":"https:\/\/heragestao.com\/pt\/internacional\/","name":"Internacional - HERA GEST\u00c3O","isPartOf":{"@id":"https:\/\/heragestao.com\/pt\/#website"},"primaryImageOfPage":{"@id":"https:\/\/heragestao.com\/pt\/internacional\/#primaryimage"},"image":{"@id":"https:\/\/heragestao.com\/pt\/internacional\/#primaryimage"},"thumbnailUrl":"https:\/\/heragestao.com\/pt\/wp-content\/uploads\/2025\/07\/globo21.png","datePublished":"2025-07-11T15:15:53+00:00","dateModified":"2025-07-11T16:26:02+00:00","breadcrumb":{"@id":"https:\/\/heragestao.com\/pt\/internacional\/#breadcrumb"},"inLanguage":"pt-BR","potentialAction":[{"@type":"ReadAction","target":["https:\/\/heragestao.com\/pt\/internacional\/"]}]},{"@type":"ImageObject","inLanguage":"pt-BR","@id":"https:\/\/heragestao.com\/pt\/internacional\/#primaryimage","url":"https:\/\/heragestao.com\/pt\/wp-content\/uploads\/2025\/07\/globo21.png","contentUrl":"https:\/\/heragestao.com\/pt\/wp-content\/uploads\/2025\/07\/globo21.png","width":320,"height":187},{"@type":"BreadcrumbList","@id":"https:\/\/heragestao.com\/pt\/internacional\/#breadcrumb","itemListElement":[{"@type":"ListItem","position":1,"name":"In\u00edcio","item":"https:\/\/heragestao.com\/pt\/"},{"@type":"ListItem","position":2,"name":"Internacional"}]},{"@type":"WebSite","@id":"https:\/\/heragestao.com\/pt\/#website","url":"https:\/\/heragestao.com\/pt\/","name":"HERA GEST\u00c3O","description":"","publisher":{"@id":"https:\/\/heragestao.com\/pt\/#organization"},"potentialAction":[{"@type":"SearchAction","target":{"@type":"EntryPoint","urlTemplate":"https:\/\/heragestao.com\/pt\/?s={search_term_string}"},"query-input":{"@type":"PropertyValueSpecification","valueRequired":true,"valueName":"search_term_string"}}],"inLanguage":"pt-BR"},{"@type":"Organization","@id":"https:\/\/heragestao.com\/pt\/#organization","name":"HERA GEST\u00c3O","url":"https:\/\/heragestao.com\/pt\/","logo":{"@type":"ImageObject","inLanguage":"pt-BR","@id":"https:\/\/heragestao.com\/pt\/#\/schema\/logo\/image\/","url":"https:\/\/heragestao.com\/pt\/wp-content\/uploads\/2024\/03\/logo_hera.jpg","contentUrl":"https:\/\/heragestao.com\/pt\/wp-content\/uploads\/2024\/03\/logo_hera.jpg","width":500,"height":325,"caption":"HERA GEST\u00c3O"},"image":{"@id":"https:\/\/heragestao.com\/pt\/#\/schema\/logo\/image\/"}}]}},"_links":{"self":[{"href":"https:\/\/heragestao.com\/pt\/wp-json\/wp\/v2\/pages\/1329","targetHints":{"allow":["GET"]}}],"collection":[{"href":"https:\/\/heragestao.com\/pt\/wp-json\/wp\/v2\/pages"}],"about":[{"href":"https:\/\/heragestao.com\/pt\/wp-json\/wp\/v2\/types\/page"}],"author":[{"embeddable":true,"href":"https:\/\/heragestao.com\/pt\/wp-json\/wp\/v2\/users\/1"}],"replies":[{"embeddable":true,"href":"https:\/\/heragestao.com\/pt\/wp-json\/wp\/v2\/comments?post=1329"}],"version-history":[{"count":13,"href":"https:\/\/heragestao.com\/pt\/wp-json\/wp\/v2\/pages\/1329\/revisions"}],"predecessor-version":[{"id":1347,"href":"https:\/\/heragestao.com\/pt\/wp-json\/wp\/v2\/pages\/1329\/revisions\/1347"}],"wp:attachment":[{"href":"https:\/\/heragestao.com\/pt\/wp-json\/wp\/v2\/media?parent=1329"}],"curies":[{"name":"wp","href":"https:\/\/api.w.org\/{rel}","templated":true}]}}